{"id":1153,"date":"2024-05-29T14:09:43","date_gmt":"2024-05-29T14:09:43","guid":{"rendered":"https:\/\/www.effegieffe.eu\/architecture\/"},"modified":"2024-06-21T14:30:03","modified_gmt":"2024-06-21T14:30:03","slug":"architecture","status":"publish","type":"page","link":"https:\/\/www.effegieffe.eu\/fr\/architecture\/","title":{"rendered":"Architecture"},"content":{"rendered":"\t\t<div data-elementor-type=\"wp-post\" data-elementor-id=\"1153\" class=\"elementor elementor-1153 elementor-886\">\n\t\t\t\t<div class=\"aux-parallax-section elementor-element elementor-element-19d973c e-flex e-con-boxed elementor-invisible e-con e-parent\" data-id=\"19d973c\" data-element_type=\"container\" data-e-type=\"container\" data-settings=\"{&quot;background_background&quot;:&quot;classic&quot;,&quot;animation&quot;:&quot;fadeInDown&quot;,&quot;animation_tablet&quot;:&quot;fadeIn&quot;}\">\n\t\t\t\t\t<div class=\"e-con-inner\">\n\t\t<div class=\"elementor-element elementor-element-c10f948 e-con-full e-flex elementor-invisible e-con e-child\" data-id=\"c10f948\" data-element_type=\"container\" data-e-type=\"container\" data-settings=\"{&quot;background_background&quot;:&quot;classic&quot;,&quot;animation&quot;:&quot;zoomIn&quot;,&quot;animation_delay&quot;:650}\">\n\t\t\t\t<div class=\"elementor-element elementor-element-6f1c1b4 elementor-widget__width-initial elementor-invisible elementor-widget elementor-widget-heading\" data-id=\"6f1c1b4\" data-element_type=\"widget\" data-e-type=\"widget\" data-settings=\"{&quot;_animation&quot;:&quot;fadeInDown&quot;,&quot;_animation_delay&quot;:1675}\" data-widget_type=\"heading.default\">\n\t\t\t\t<div class=\"elementor-widget-container\">\n\t\t\t\t\t<h4 class=\"elementor-heading-title elementor-size-default\">EFFEGIEFFE<\/h4>\t\t\t\t<\/div>\n\t\t\t\t<\/div>\n\t\t\t\t<div class=\"elementor-element elementor-element-440f251 elementor-widget__width-initial elementor-invisible elementor-widget elementor-widget-heading\" data-id=\"440f251\" data-element_type=\"widget\" data-e-type=\"widget\" data-settings=\"{&quot;_animation&quot;:&quot;fadeIn&quot;,&quot;_animation_delay&quot;:1300}\" data-widget_type=\"heading.default\">\n\t\t\t\t<div class=\"elementor-widget-container\">\n\t\t\t\t\t<h1 class=\"elementor-heading-title elementor-size-default\">Architecture<\/h1>\t\t\t\t<\/div>\n\t\t\t\t<\/div>\n\t\t\t\t<div class=\"elementor-element elementor-element-2dfe99f elementor-widget__width-initial elementor-invisible elementor-widget elementor-widget-aux_breadcrumbs\" data-id=\"2dfe99f\" data-element_type=\"widget\" data-e-type=\"widget\" data-settings=\"{&quot;_animation&quot;:&quot;fadeInUp&quot;,&quot;_animation_delay&quot;:1300}\" data-widget_type=\"aux_breadcrumbs.default\">\n\t\t\t\t<div class=\"elementor-widget-container\">\n\t\t\t\t\t<div class=\"aux-elementor-breadcrumbs\"><p class=\"aux-breadcrumbs\"><span><a href=\"https:\/\/www.effegieffe.eu\/fr\/\" title=\"Home\">Home<\/a><\/span><\/div>\t\t\t\t<\/div>\n\t\t\t\t<\/div>\n\t\t\t\t<\/div>\n\t\t\t\t\t<\/div>\n\t\t\t\t<\/div>\n\t\t<div class=\"aux-parallax-section elementor-element elementor-element-b5141c8 e-con-full e-flex e-con e-parent\" data-id=\"b5141c8\" data-element_type=\"container\" data-e-type=\"container\" data-settings=\"{&quot;background_background&quot;:&quot;classic&quot;}\">\n\t\t\t\t<div class=\"elementor-element elementor-element-8b3005a elementor-widget__width-initial elementor-invisible elementor-widget elementor-widget-text-editor\" data-id=\"8b3005a\" data-element_type=\"widget\" data-e-type=\"widget\" data-settings=\"{&quot;_animation_tablet&quot;:&quot;fadeIn&quot;,&quot;_animation&quot;:&quot;fadeIn&quot;}\" data-widget_type=\"text-editor.default\">\n\t\t\t\t<div class=\"elementor-widget-container\">\n\t\t\t\t\t\t\t\t\t<p>Notre entreprise est sp\u00e9cialis\u00e9e dans la conception et la cr\u00e9ation de solutions innovantes pour l&rsquo;architecture et la d\u00e9coration int\u00e9rieure, notamment des fa\u00e7ades en acier inoxydable, des fa\u00e7ades structurelles en verre suspendues (araign\u00e9es), des accessoires d&rsquo;ameublement, des escaliers et des boutiques compl\u00e8tes cl\u00e9 en main. Nous transformons vos id\u00e9es en r\u00e9alit\u00e9, en cr\u00e9ant des espaces uniques, \u00e9l\u00e9gants et fonctionnels qui refl\u00e8tent votre identit\u00e9.<br \/>Nous pensons que chaque projet est unique. C&rsquo;est pour cette raison que nous travaillons en \u00e9troite collaboration avec nos clients, en \u00e9coutant leurs besoins et en les traduisant en solutions personnalis\u00e9es qui d\u00e9passent leurs attentes.<\/p>\n\t\t\t\t\t\t\t\t<\/div>\n\t\t\t\t<\/div>\n\t\t\t\t<div class=\"elementor-element elementor-element-2854d77 elementor-widget__width-initial elementor-widget elementor-widget-aux-gallery\" data-id=\"2854d77\" data-element_type=\"widget\" data-e-type=\"widget\" data-widget_type=\"aux-gallery.default\">\n\t\t\t\t<div class=\"elementor-widget-container\">\n\t\t\t\t\t<section class=\"widget-container aux-widget-gallery aux-parent-au063cd4c1\"><div id='aux-gallery-1' class='aux-gallery galleryid-1153 gallery-columns-6 aux-lightbox-gallery'><div class=\"aux-gallery-container aux-isotope-animated aux-row aux-de-col6 aux-tb-col3 aux-mb-col2 elementor-clickable aux-no-gutter aux-layout-masonry\"  data-pagination=\"true\" data-lazyload=\"true\" data-perpage=\"18\" data-layout=\"masonry\" data-space=\"30\" >        <div class=\"aux-items-loading\">\n            <div class=\"aux-loading-loop\">\n              <svg class=\"aux-circle\" width=\"100%\" height=\"100%\" viewBox=\"0 0 42 42\">\n                <circle class=\"aux-stroke-bg\" r=\"20\" cx=\"21\" cy=\"21\" fill=\"none\"><\/circle>\n                <circle class=\"aux-progress\" r=\"20\" cx=\"21\" cy=\"21\" fill=\"none\" transform=\"rotate(-90 21 21)\"><\/circle>\n              <\/svg>\n            <\/div>\n        <\/div>\n            <figure class=\"gallery-item aux-hover-active aux-iso-item aux-col aux-loading \">\n            <div class=\"aux-frame-mask-plain \">\n                <a href=\"https:\/\/www.effegieffe.eu\/wp-content\/uploads\/2024\/05\/architettura-04.jpg\" class=\"aux-frame-ratio-inner aux-frame-darken aux-lightbox-btn \" data-elementor-open-lightbox=\"no\" data-original-width=\"591\" data-original-height=\"472\" data-caption=\"architettura-04\">\n                                <div class=\"aux-hover-scale-circle-plus\">\n                        <span class=\"aux-symbol-plus\"><\/span>\n                        <span class=\"aux-symbol-circle\"><\/span>\n                    <\/div>\n                        <img decoding=\"async\" src=\"https:\/\/www.effegieffe.eu\/wp-content\/uploads\/2024\/05\/architettura-04-300x300.jpg\" class=\"aux-attachment aux-featured-image attachment-300x300 aux-attachment-id-1133 \" alt=\"architettura-04\" srcset=\"https:\/\/www.effegieffe.eu\/wp-content\/uploads\/2024\/05\/architettura-04-273x218.jpg 273w,https:\/\/www.effegieffe.eu\/wp-content\/uploads\/2024\/05\/architettura-04-546x436.jpg 546w,https:\/\/www.effegieffe.eu\/wp-content\/uploads\/2024\/05\/architettura-04-300x300.jpg 300w,https:\/\/www.effegieffe.eu\/wp-content\/uploads\/2024\/05\/architettura-04-581x581.jpg 581w\" data-ratio=\"1\" data-original-w=\"591\" sizes=\"(max-width:767px) 50vw,(min-width:768px) and (max-width:1025px) 33vw,273px\" \/>                <\/a>\n            <\/div>\n                <\/figure>\n    <figure class=\"gallery-item aux-hover-active aux-iso-item aux-col aux-loading \">\n            <div class=\"aux-frame-mask-plain \">\n                <a href=\"https:\/\/www.effegieffe.eu\/wp-content\/uploads\/2024\/05\/architettura-05.jpg\" class=\"aux-frame-ratio-inner aux-frame-darken aux-lightbox-btn \" data-elementor-open-lightbox=\"no\" data-original-width=\"591\" data-original-height=\"472\" data-caption=\"architettura-05\">\n                                <div class=\"aux-hover-scale-circle-plus\">\n                        <span class=\"aux-symbol-plus\"><\/span>\n                        <span class=\"aux-symbol-circle\"><\/span>\n                    <\/div>\n                        <img decoding=\"async\" src=\"https:\/\/www.effegieffe.eu\/wp-content\/uploads\/2024\/05\/architettura-05-300x300.jpg\" class=\"aux-attachment aux-featured-image attachment-300x300 aux-attachment-id-1134 \" alt=\"architettura-05\" srcset=\"https:\/\/www.effegieffe.eu\/wp-content\/uploads\/2024\/05\/architettura-05-273x218.jpg 273w,https:\/\/www.effegieffe.eu\/wp-content\/uploads\/2024\/05\/architettura-05-546x436.jpg 546w,https:\/\/www.effegieffe.eu\/wp-content\/uploads\/2024\/05\/architettura-05-300x300.jpg 300w,https:\/\/www.effegieffe.eu\/wp-content\/uploads\/2024\/05\/architettura-05-581x581.jpg 581w\" data-ratio=\"1\" data-original-w=\"591\" sizes=\"(max-width:767px) 50vw,(min-width:768px) and (max-width:1025px) 33vw,273px\" \/>                <\/a>\n            <\/div>\n                <\/figure>\n    <figure class=\"gallery-item aux-hover-active aux-iso-item aux-col aux-loading \">\n            <div class=\"aux-frame-mask-plain \">\n                <a href=\"https:\/\/www.effegieffe.eu\/wp-content\/uploads\/2024\/05\/architettura-06.jpg\" class=\"aux-frame-ratio-inner aux-frame-darken aux-lightbox-btn \" data-elementor-open-lightbox=\"no\" data-original-width=\"1276\" data-original-height=\"1276\" data-caption=\"architettura-06\">\n                                <div class=\"aux-hover-scale-circle-plus\">\n                        <span class=\"aux-symbol-plus\"><\/span>\n                        <span class=\"aux-symbol-circle\"><\/span>\n                    <\/div>\n                        <img decoding=\"async\" src=\"https:\/\/www.effegieffe.eu\/wp-content\/uploads\/2024\/05\/architettura-06-300x300.jpg\" class=\"aux-attachment aux-featured-image attachment-300x300 aux-attachment-id-1135 \" alt=\"architettura-06\" srcset=\"https:\/\/www.effegieffe.eu\/wp-content\/uploads\/2024\/05\/architettura-06-273x273.jpg 273w,https:\/\/www.effegieffe.eu\/wp-content\/uploads\/2024\/05\/architettura-06-546x546.jpg 546w,https:\/\/www.effegieffe.eu\/wp-content\/uploads\/2024\/05\/architettura-06-1092x1092.jpg 1092w,https:\/\/www.effegieffe.eu\/wp-content\/uploads\/2024\/05\/architettura-06-300x300.jpg 300w,https:\/\/www.effegieffe.eu\/wp-content\/uploads\/2024\/05\/architettura-06-1266x1266.jpg 1266w\" data-ratio=\"1\" data-original-w=\"1276\" sizes=\"(max-width:767px) 50vw,(min-width:768px) and (max-width:1025px) 33vw,273px\" \/>                <\/a>\n            <\/div>\n                <\/figure>\n    <figure class=\"gallery-item aux-hover-active aux-iso-item aux-col aux-loading \">\n            <div class=\"aux-frame-mask-plain \">\n                <a href=\"https:\/\/www.effegieffe.eu\/wp-content\/uploads\/2024\/05\/architettura-07.jpg\" class=\"aux-frame-ratio-inner aux-frame-darken aux-lightbox-btn \" data-elementor-open-lightbox=\"no\" data-original-width=\"591\" data-original-height=\"472\" data-caption=\"architettura-07\">\n                                <div class=\"aux-hover-scale-circle-plus\">\n                        <span class=\"aux-symbol-plus\"><\/span>\n                        <span class=\"aux-symbol-circle\"><\/span>\n                    <\/div>\n                        <img decoding=\"async\" src=\"https:\/\/www.effegieffe.eu\/wp-content\/uploads\/2024\/05\/architettura-07-300x300.jpg\" class=\"aux-attachment aux-featured-image attachment-300x300 aux-attachment-id-1136 \" alt=\"architettura-07\" srcset=\"https:\/\/www.effegieffe.eu\/wp-content\/uploads\/2024\/05\/architettura-07-273x218.jpg 273w,https:\/\/www.effegieffe.eu\/wp-content\/uploads\/2024\/05\/architettura-07-546x436.jpg 546w,https:\/\/www.effegieffe.eu\/wp-content\/uploads\/2024\/05\/architettura-07-300x300.jpg 300w,https:\/\/www.effegieffe.eu\/wp-content\/uploads\/2024\/05\/architettura-07-581x581.jpg 581w\" data-ratio=\"1\" data-original-w=\"591\" sizes=\"(max-width:767px) 50vw,(min-width:768px) and (max-width:1025px) 33vw,273px\" \/>                <\/a>\n            <\/div>\n                <\/figure>\n    <figure class=\"gallery-item aux-hover-active aux-iso-item aux-col aux-loading \">\n            <div class=\"aux-frame-mask-plain \">\n                <a href=\"https:\/\/www.effegieffe.eu\/wp-content\/uploads\/2024\/05\/architettura-08.jpg\" class=\"aux-frame-ratio-inner aux-frame-darken aux-lightbox-btn \" data-elementor-open-lightbox=\"no\" data-original-width=\"591\" data-original-height=\"472\" data-caption=\"architettura-08\">\n                                <div class=\"aux-hover-scale-circle-plus\">\n                        <span class=\"aux-symbol-plus\"><\/span>\n                        <span class=\"aux-symbol-circle\"><\/span>\n                    <\/div>\n                        <img decoding=\"async\" src=\"https:\/\/www.effegieffe.eu\/wp-content\/uploads\/2024\/05\/architettura-08-300x300.jpg\" class=\"aux-attachment aux-featured-image attachment-300x300 aux-attachment-id-1137 \" alt=\"architettura-08\" srcset=\"https:\/\/www.effegieffe.eu\/wp-content\/uploads\/2024\/05\/architettura-08-273x218.jpg 273w,https:\/\/www.effegieffe.eu\/wp-content\/uploads\/2024\/05\/architettura-08-546x436.jpg 546w,https:\/\/www.effegieffe.eu\/wp-content\/uploads\/2024\/05\/architettura-08-300x300.jpg 300w,https:\/\/www.effegieffe.eu\/wp-content\/uploads\/2024\/05\/architettura-08-581x581.jpg 581w\" data-ratio=\"1\" data-original-w=\"591\" sizes=\"(max-width:767px) 50vw,(min-width:768px) and (max-width:1025px) 33vw,273px\" \/>                <\/a>\n            <\/div>\n                <\/figure>\n    <figure class=\"gallery-item aux-hover-active aux-iso-item aux-col aux-loading \">\n            <div class=\"aux-frame-mask-plain \">\n                <a href=\"https:\/\/www.effegieffe.eu\/wp-content\/uploads\/2024\/05\/architettura-09.jpg\" class=\"aux-frame-ratio-inner aux-frame-darken aux-lightbox-btn \" data-elementor-open-lightbox=\"no\" data-original-width=\"591\" data-original-height=\"472\" data-caption=\"architettura-09\">\n                                <div class=\"aux-hover-scale-circle-plus\">\n                        <span class=\"aux-symbol-plus\"><\/span>\n                        <span class=\"aux-symbol-circle\"><\/span>\n                    <\/div>\n                        <img decoding=\"async\" src=\"https:\/\/www.effegieffe.eu\/wp-content\/uploads\/2024\/05\/architettura-09-300x300.jpg\" class=\"aux-attachment aux-featured-image attachment-300x300 aux-attachment-id-1138 \" alt=\"architettura-09\" srcset=\"https:\/\/www.effegieffe.eu\/wp-content\/uploads\/2024\/05\/architettura-09-273x218.jpg 273w,https:\/\/www.effegieffe.eu\/wp-content\/uploads\/2024\/05\/architettura-09-546x436.jpg 546w,https:\/\/www.effegieffe.eu\/wp-content\/uploads\/2024\/05\/architettura-09-300x300.jpg 300w,https:\/\/www.effegieffe.eu\/wp-content\/uploads\/2024\/05\/architettura-09-581x581.jpg 581w\" data-ratio=\"1\" data-original-w=\"591\" sizes=\"(max-width:767px) 50vw,(min-width:768px) and (max-width:1025px) 33vw,273px\" \/>                <\/a>\n            <\/div>\n                <\/figure>\n    <figure class=\"gallery-item aux-hover-active aux-iso-item aux-col aux-loading \">\n            <div class=\"aux-frame-mask-plain \">\n                <a href=\"https:\/\/www.effegieffe.eu\/wp-content\/uploads\/2024\/05\/architettura-10.jpg\" class=\"aux-frame-ratio-inner aux-frame-darken aux-lightbox-btn \" data-elementor-open-lightbox=\"no\" data-original-width=\"591\" data-original-height=\"472\" data-caption=\"architettura-10\">\n                                <div class=\"aux-hover-scale-circle-plus\">\n                        <span class=\"aux-symbol-plus\"><\/span>\n                        <span class=\"aux-symbol-circle\"><\/span>\n                    <\/div>\n                        <img decoding=\"async\" src=\"https:\/\/www.effegieffe.eu\/wp-content\/uploads\/2024\/05\/architettura-10-300x300.jpg\" class=\"aux-attachment aux-featured-image attachment-300x300 aux-attachment-id-1139 \" alt=\"architettura-10\" srcset=\"https:\/\/www.effegieffe.eu\/wp-content\/uploads\/2024\/05\/architettura-10-273x218.jpg 273w,https:\/\/www.effegieffe.eu\/wp-content\/uploads\/2024\/05\/architettura-10-546x436.jpg 546w,https:\/\/www.effegieffe.eu\/wp-content\/uploads\/2024\/05\/architettura-10-300x300.jpg 300w,https:\/\/www.effegieffe.eu\/wp-content\/uploads\/2024\/05\/architettura-10-581x581.jpg 581w\" data-ratio=\"1\" data-original-w=\"591\" sizes=\"(max-width:767px) 50vw,(min-width:768px) and (max-width:1025px) 33vw,273px\" \/>                <\/a>\n            <\/div>\n                <\/figure>\n    <figure class=\"gallery-item aux-hover-active aux-iso-item aux-col aux-loading \">\n            <div class=\"aux-frame-mask-plain \">\n                <a href=\"https:\/\/www.effegieffe.eu\/wp-content\/uploads\/2024\/05\/architettura-11.jpg\" class=\"aux-frame-ratio-inner aux-frame-darken aux-lightbox-btn \" data-elementor-open-lightbox=\"no\" data-original-width=\"591\" data-original-height=\"472\" data-caption=\"architettura-11\">\n                                <div class=\"aux-hover-scale-circle-plus\">\n                        <span class=\"aux-symbol-plus\"><\/span>\n                        <span class=\"aux-symbol-circle\"><\/span>\n                    <\/div>\n                        <img decoding=\"async\" src=\"https:\/\/www.effegieffe.eu\/wp-content\/uploads\/2024\/05\/architettura-11-300x300.jpg\" class=\"aux-attachment aux-featured-image attachment-300x300 aux-attachment-id-1140 \" alt=\"architettura-11\" srcset=\"https:\/\/www.effegieffe.eu\/wp-content\/uploads\/2024\/05\/architettura-11-273x218.jpg 273w,https:\/\/www.effegieffe.eu\/wp-content\/uploads\/2024\/05\/architettura-11-546x436.jpg 546w,https:\/\/www.effegieffe.eu\/wp-content\/uploads\/2024\/05\/architettura-11-300x300.jpg 300w,https:\/\/www.effegieffe.eu\/wp-content\/uploads\/2024\/05\/architettura-11-581x581.jpg 581w\" data-ratio=\"1\" data-original-w=\"591\" sizes=\"(max-width:767px) 50vw,(min-width:768px) and (max-width:1025px) 33vw,273px\" \/>                <\/a>\n            <\/div>\n                <\/figure>\n    <figure class=\"gallery-item aux-hover-active aux-iso-item aux-col aux-loading \">\n            <div class=\"aux-frame-mask-plain \">\n                <a href=\"https:\/\/www.effegieffe.eu\/wp-content\/uploads\/2024\/05\/architettura-12.jpg\" class=\"aux-frame-ratio-inner aux-frame-darken aux-lightbox-btn \" data-elementor-open-lightbox=\"no\" data-original-width=\"591\" data-original-height=\"472\" data-caption=\"architettura-12\">\n                                <div class=\"aux-hover-scale-circle-plus\">\n                        <span class=\"aux-symbol-plus\"><\/span>\n                        <span class=\"aux-symbol-circle\"><\/span>\n                    <\/div>\n                        <img decoding=\"async\" src=\"https:\/\/www.effegieffe.eu\/wp-content\/uploads\/2024\/05\/architettura-12-300x300.jpg\" class=\"aux-attachment aux-featured-image attachment-300x300 aux-attachment-id-1141 \" alt=\"architettura-12\" srcset=\"https:\/\/www.effegieffe.eu\/wp-content\/uploads\/2024\/05\/architettura-12-273x218.jpg 273w,https:\/\/www.effegieffe.eu\/wp-content\/uploads\/2024\/05\/architettura-12-546x436.jpg 546w,https:\/\/www.effegieffe.eu\/wp-content\/uploads\/2024\/05\/architettura-12-300x300.jpg 300w,https:\/\/www.effegieffe.eu\/wp-content\/uploads\/2024\/05\/architettura-12-581x581.jpg 581w\" data-ratio=\"1\" data-original-w=\"591\" sizes=\"(max-width:767px) 50vw,(min-width:768px) and (max-width:1025px) 33vw,273px\" \/>                <\/a>\n            <\/div>\n                <\/figure>\n    <figure class=\"gallery-item aux-hover-active aux-iso-item aux-col aux-loading \">\n            <div class=\"aux-frame-mask-plain \">\n                <a href=\"https:\/\/www.effegieffe.eu\/wp-content\/uploads\/2024\/05\/architettura-01.jpg\" class=\"aux-frame-ratio-inner aux-frame-darken aux-lightbox-btn \" data-elementor-open-lightbox=\"no\" data-original-width=\"591\" data-original-height=\"472\" data-caption=\"architettura-01\">\n                                <div class=\"aux-hover-scale-circle-plus\">\n                        <span class=\"aux-symbol-plus\"><\/span>\n                        <span class=\"aux-symbol-circle\"><\/span>\n                    <\/div>\n                        <img decoding=\"async\" src=\"https:\/\/www.effegieffe.eu\/wp-content\/uploads\/2024\/05\/architettura-01-300x300.jpg\" class=\"aux-attachment aux-featured-image attachment-300x300 aux-attachment-id-1142 \" alt=\"architettura-01\" srcset=\"https:\/\/www.effegieffe.eu\/wp-content\/uploads\/2024\/05\/architettura-01-273x218.jpg 273w,https:\/\/www.effegieffe.eu\/wp-content\/uploads\/2024\/05\/architettura-01-546x436.jpg 546w,https:\/\/www.effegieffe.eu\/wp-content\/uploads\/2024\/05\/architettura-01-300x300.jpg 300w,https:\/\/www.effegieffe.eu\/wp-content\/uploads\/2024\/05\/architettura-01-581x581.jpg 581w\" data-ratio=\"1\" data-original-w=\"591\" sizes=\"(max-width:767px) 50vw,(min-width:768px) and (max-width:1025px) 33vw,273px\" \/>                <\/a>\n            <\/div>\n                <\/figure>\n    <figure class=\"gallery-item aux-hover-active aux-iso-item aux-col aux-loading \">\n            <div class=\"aux-frame-mask-plain \">\n                <a href=\"https:\/\/www.effegieffe.eu\/wp-content\/uploads\/2024\/05\/architettura-02.jpg\" class=\"aux-frame-ratio-inner aux-frame-darken aux-lightbox-btn \" data-elementor-open-lightbox=\"no\" data-original-width=\"591\" data-original-height=\"472\" data-caption=\"architettura-02\">\n                                <div class=\"aux-hover-scale-circle-plus\">\n                        <span class=\"aux-symbol-plus\"><\/span>\n                        <span class=\"aux-symbol-circle\"><\/span>\n                    <\/div>\n                        <img decoding=\"async\" src=\"https:\/\/www.effegieffe.eu\/wp-content\/uploads\/2024\/05\/architettura-02-300x300.jpg\" class=\"aux-attachment aux-featured-image attachment-300x300 aux-attachment-id-1143 \" alt=\"architettura-02\" srcset=\"https:\/\/www.effegieffe.eu\/wp-content\/uploads\/2024\/05\/architettura-02-273x218.jpg 273w,https:\/\/www.effegieffe.eu\/wp-content\/uploads\/2024\/05\/architettura-02-546x436.jpg 546w,https:\/\/www.effegieffe.eu\/wp-content\/uploads\/2024\/05\/architettura-02-300x300.jpg 300w,https:\/\/www.effegieffe.eu\/wp-content\/uploads\/2024\/05\/architettura-02-581x581.jpg 581w\" data-ratio=\"1\" data-original-w=\"591\" sizes=\"(max-width:767px) 50vw,(min-width:768px) and (max-width:1025px) 33vw,273px\" \/>                <\/a>\n            <\/div>\n                <\/figure>\n    <figure class=\"gallery-item aux-hover-active aux-iso-item aux-col aux-loading \">\n            <div class=\"aux-frame-mask-plain \">\n                <a href=\"https:\/\/www.effegieffe.eu\/wp-content\/uploads\/2024\/05\/architettura-03.jpg\" class=\"aux-frame-ratio-inner aux-frame-darken aux-lightbox-btn \" data-elementor-open-lightbox=\"no\" data-original-width=\"591\" data-original-height=\"472\" data-caption=\"architettura-03\">\n                                <div class=\"aux-hover-scale-circle-plus\">\n                        <span class=\"aux-symbol-plus\"><\/span>\n                        <span class=\"aux-symbol-circle\"><\/span>\n                    <\/div>\n                        <img decoding=\"async\" src=\"https:\/\/www.effegieffe.eu\/wp-content\/uploads\/2024\/05\/architettura-03-300x300.jpg\" class=\"aux-attachment aux-featured-image attachment-300x300 aux-attachment-id-1144 \" alt=\"architettura-03\" srcset=\"https:\/\/www.effegieffe.eu\/wp-content\/uploads\/2024\/05\/architettura-03-273x218.jpg 273w,https:\/\/www.effegieffe.eu\/wp-content\/uploads\/2024\/05\/architettura-03-546x436.jpg 546w,https:\/\/www.effegieffe.eu\/wp-content\/uploads\/2024\/05\/architettura-03-300x300.jpg 300w,https:\/\/www.effegieffe.eu\/wp-content\/uploads\/2024\/05\/architettura-03-581x581.jpg 581w\" data-ratio=\"1\" data-original-w=\"591\" sizes=\"(max-width:767px) 50vw,(min-width:768px) and (max-width:1025px) 33vw,273px\" \/>                <\/a>\n            <\/div>\n                <\/figure>\n<\/div><\/div><\/section><!-- widget-container --><style>.aux-parent-au063cd4c1 .aux-frame-ratio { padding-bottom:0% }<\/style>\t\t\t\t<\/div>\n\t\t\t\t<\/div>\n\t\t\t\t<\/div>\n\t\t\t\t<\/div>\n\t\t","protected":false},"excerpt":{"rendered":"<p>EFFEGIEFFE Architecture Notre entreprise est sp\u00e9cialis\u00e9e dans la conception et la cr\u00e9ation de solutions innovantes pour l&rsquo;architecture et la d\u00e9coration int\u00e9rieure, notamment des fa\u00e7ades en acier inoxydable, des fa\u00e7ades structurelles en verre suspendues (araign\u00e9es), des accessoires d&rsquo;ameublement, des escaliers et des boutiques compl\u00e8tes cl\u00e9 en main. Nous transformons vos id\u00e9es en r\u00e9alit\u00e9, en cr\u00e9ant des [&hellip;]<\/p>\n","protected":false},"author":1,"featured_media":0,"parent":0,"menu_order":0,"comment_status":"closed","ping_status":"closed","template":"templates\/page-builder-content.php","meta":{"footnotes":""},"class_list":["post-1153","page","type-page","status-publish","hentry"],"_links":{"self":[{"href":"https:\/\/www.effegieffe.eu\/fr\/wp-json\/wp\/v2\/pages\/1153","targetHints":{"allow":["GET"]}}],"collection":[{"href":"https:\/\/www.effegieffe.eu\/fr\/wp-json\/wp\/v2\/pages"}],"about":[{"href":"https:\/\/www.effegieffe.eu\/fr\/wp-json\/wp\/v2\/types\/page"}],"author":[{"embeddable":true,"href":"https:\/\/www.effegieffe.eu\/fr\/wp-json\/wp\/v2\/users\/1"}],"replies":[{"embeddable":true,"href":"https:\/\/www.effegieffe.eu\/fr\/wp-json\/wp\/v2\/comments?post=1153"}],"version-history":[{"count":1,"href":"https:\/\/www.effegieffe.eu\/fr\/wp-json\/wp\/v2\/pages\/1153\/revisions"}],"predecessor-version":[{"id":1154,"href":"https:\/\/www.effegieffe.eu\/fr\/wp-json\/wp\/v2\/pages\/1153\/revisions\/1154"}],"wp:attachment":[{"href":"https:\/\/www.effegieffe.eu\/fr\/wp-json\/wp\/v2\/media?parent=1153"}],"curies":[{"name":"wp","href":"https:\/\/api.w.org\/{rel}","templated":true}]}}